{"id":29,"date":"2023-09-12T08:51:08","date_gmt":"2023-09-12T08:51:08","guid":{"rendered":"https:\/\/intern.swiss-subbuteo.ch\/?page_id=29"},"modified":"2023-10-10T08:41:43","modified_gmt":"2023-10-10T08:41:43","slug":"uebersicht-intern","status":"publish","type":"page","link":"https:\/\/intern.swiss-subbuteo.ch\/","title":{"rendered":"\u00dcbersicht intern"},"content":{"rendered":"\n<div class=\"wp-block-uagb-container uagb-block-46cb50c4 default uagb-is-root-container\">\n<h1 class=\"wp-block-heading\">Zu den Internen Seiten des SSTV<\/h1>\n\n\n\n<p>Mit dem untenstehenden Login k\u00f6nnen Berechtigte den Internen Bereich dieser Website betreten. Falls Sie \u00fcber keinen g\u00fcltigen Zugang verf\u00fcgen, so wenden Sie sich per Mail an den Pr\u00e4sidenten von SWISS SUBBUTEO: president@swiss-subbuteo.ch . <\/p>\n<\/div>\n\n\n\n<div class=\"wp-block-uagb-container uagb-block-e06b2d89 alignfull uagb-is-root-container\"><div class=\"uagb-container-inner-blocks-wrap\">\n<div class=\"wp-block-uagb-container uagb-block-c80e32d1\">\n<div class=\"wp-block-uagb-buttons uagb-buttons__outer-wrap uagb-btn__default-btn uagb-btn-tablet__default-btn uagb-btn-mobile__default-btn uagb-block-72330b6e\"><div class=\"uagb-buttons__wrap uagb-buttons-layout-wrap\">\n<div class=\"wp-block-uagb-buttons-child uagb-buttons__outer-wrap uagb-block-aabf7616 wp-block-button\"><div class=\"uagb-button__wrapper\"><a class=\"uagb-buttons-repeater wp-block-button__link\" href=\"https:\/\/intern.swiss-subbuteo.ch\/?page_id=180\" onclick=\"return true;\" rel=\"follow noopener\" target=\"_self\"><div class=\"uagb-button__link\">Login Vorstand<\/div><span class=\"uagb-button__icon uagb-button__icon-position-after\"><svg xmlns=\"https:\/\/www.w3.org\/2000\/svg\" viewBox=\"0 0 448 512\"><path d=\"M438.6 278.6l-160 160C272.4 444.9 264.2 448 256 448s-16.38-3.125-22.62-9.375c-12.5-12.5-12.5-32.75 0-45.25L338.8 288H32C14.33 288 .0016 273.7 .0016 256S14.33 224 32 224h306.8l-105.4-105.4c-12.5-12.5-12.5-32.75 0-45.25s32.75-12.5 45.25 0l160 160C451.1 245.9 451.1 266.1 438.6 278.6z\"><\/path><\/svg><\/span><\/a><\/div><\/div>\n\n\n\n<div class=\"wp-block-uagb-buttons-child uagb-buttons__outer-wrap uagb-block-4fbf5a28 wp-block-button\"><div class=\"uagb-button__wrapper\"><a class=\"uagb-buttons-repeater wp-block-button__link\" href=\"https:\/\/intern.swiss-subbuteo.ch\/?page_id=131\" onclick=\"return true;\" rel=\"follow noopener\" target=\"_self\"><div class=\"uagb-button__link\">Login Vereinsmitglieder<\/div><span class=\"uagb-button__icon uagb-button__icon-position-after\"><svg xmlns=\"https:\/\/www.w3.org\/2000\/svg\" viewBox=\"0 0 448 512\"><path d=\"M438.6 278.6l-160 160C272.4 444.9 264.2 448 256 448s-16.38-3.125-22.62-9.375c-12.5-12.5-12.5-32.75 0-45.25L338.8 288H32C14.33 288 .0016 273.7 .0016 256S14.33 224 32 224h306.8l-105.4-105.4c-12.5-12.5-12.5-32.75 0-45.25s32.75-12.5 45.25 0l160 160C451.1 245.9 451.1 266.1 438.6 278.6z\"><\/path><\/svg><\/span><\/a><\/div><\/div>\n<\/div><\/div>\n<\/div>\n<\/div><\/div>\n","protected":false},"excerpt":{"rendered":"<p>Zu den Internen Seiten des SSTV Mit dem untenstehenden Login k\u00f6nnen Berechtigte den Internen Bereich dieser Website betreten. Falls Sie \u00fcber keinen g\u00fcltigen Zugang verf\u00fcgen, so wenden Sie sich per Mail an den Pr\u00e4sidenten von SWISS SUBBUTEO: president@swiss-subbuteo.ch .<\/p>\n","protected":false},"author":1,"featured_media":0,"parent":0,"menu_order":0,"comment_status":"closed","ping_status":"closed","template":"","meta":{"_uag_custom_page_level_css":"","footnotes":""},"uagb_featured_image_src":{"full":false,"thumbnail":false,"medium":false,"medium_large":false,"large":false,"1536x1536":false,"2048x2048":false},"uagb_author_info":{"display_name":"admin","author_link":"https:\/\/intern.swiss-subbuteo.ch\/?author=1"},"uagb_comment_info":0,"uagb_excerpt":"Zu den Internen Seiten des SSTV Mit dem untenstehenden Login k\u00f6nnen Berechtigte den Internen Bereich dieser Website betreten. Falls Sie \u00fcber keinen g\u00fcltigen Zugang verf\u00fcgen, so wenden Sie sich per Mail an den Pr\u00e4sidenten von SWISS SUBBUTEO: president@swiss-subbuteo.ch .","_links":{"self":[{"href":"https:\/\/intern.swiss-subbuteo.ch\/index.php?rest_route=\/wp\/v2\/pages\/29"}],"collection":[{"href":"https:\/\/intern.swiss-subbuteo.ch\/index.php?rest_route=\/wp\/v2\/pages"}],"about":[{"href":"https:\/\/intern.swiss-subbuteo.ch\/index.php?rest_route=\/wp\/v2\/types\/page"}],"author":[{"embeddable":true,"href":"https:\/\/intern.swiss-subbuteo.ch\/index.php?rest_route=\/wp\/v2\/users\/1"}],"replies":[{"embeddable":true,"href":"https:\/\/intern.swiss-subbuteo.ch\/index.php?rest_route=%2Fwp%2Fv2%2Fcomments&post=29"}],"version-history":[{"count":32,"href":"https:\/\/intern.swiss-subbuteo.ch\/index.php?rest_route=\/wp\/v2\/pages\/29\/revisions"}],"predecessor-version":[{"id":235,"href":"https:\/\/intern.swiss-subbuteo.ch\/index.php?rest_route=\/wp\/v2\/pages\/29\/revisions\/235"}],"wp:attachment":[{"href":"https:\/\/intern.swiss-subbuteo.ch\/index.php?rest_route=%2Fwp%2Fv2%2Fmedia&parent=29"}],"curies":[{"name":"wp","href":"https:\/\/api.w.org\/{rel}","templated":true}]}}